{"id":3,"date":"2022-11-08T11:19:24","date_gmt":"2022-11-08T10:19:24","guid":{"rendered":"http:\/\/tokenring-band.com\/?page_id=3"},"modified":"2022-12-28T20:59:39","modified_gmt":"2022-12-28T19:59:39","slug":"legals","status":"publish","type":"page","link":"https:\/\/tokenring-band.com\/index.php\/legals\/","title":{"rendered":"LEGALS"},"content":{"rendered":"\t\t<div data-elementor-type=\"wp-page\" data-elementor-id=\"3\" class=\"elementor elementor-3\">\n\t\t\t\t\t\t<section class=\"elementor-section elementor-top-section elementor-element elementor-element-18d193e elementor-section-boxed elementor-section-height-default elementor-section-height-default\" data-id=\"18d193e\" data-element_type=\"section\" data-e-type=\"section\">\n\t\t\t\t\t\t<div class=\"elementor-container elementor-column-gap-default\">\n\t\t\t\t\t<div class=\"elementor-column elementor-col-100 elementor-top-column elementor-element elementor-element-dfc2afb\" data-id=\"dfc2afb\" data-element_type=\"column\" data-e-type=\"column\">\n\t\t\t<div class=\"elementor-widget-wrap elementor-element-populated\">\n\t\t\t\t\t\t<div class=\"elementor-element elementor-element-5969b8c elementor-widget elementor-widget-heading\" data-id=\"5969b8c\" data-element_type=\"widget\" data-e-type=\"widget\" data-widget_type=\"heading.default\">\n\t\t\t\t<div class=\"elementor-widget-container\">\n\t\t\t\t\t<h1 class=\"elementor-heading-title elementor-size-default\">LEGAL NOTICE &amp; INFORMATION<\/h1>\t\t\t\t<\/div>\n\t\t\t\t<\/div>\n\t\t\t\t<div class=\"elementor-element elementor-element-94c68ad elementor-widget elementor-widget-text-editor\" data-id=\"94c68ad\" data-element_type=\"widget\" data-e-type=\"widget\" data-widget_type=\"text-editor.default\">\n\t\t\t\t<div class=\"elementor-widget-container\">\n\t\t\t\t\t\t\t\t\t<h3>PUBLICATION MANAGER<\/h3>\nPierre Esmerian\nEdited by Trapellun Editions\nSIRET 914 329 867 00016, located at 2 cit\u00e9 du G\u00e9n\u00e9ral N\u00e9grier 75007 Paris France\n\n<p>&nbsp;<\/p>\n<h3>HOST<\/h3>\nOVH Company\nHead office: 2 rue Kellermann, 59100 Roubaix, France \u2014 Phone: +33 (0)8 99 70 17 61\n\n<p>&nbsp;<\/p>\n<h3>PHOTO CREDITS<\/h3>\n\u00a9 \u2018The Hornet\u2019 by Jean-Louis Guillermin\n\u00a9 Photographs by Jean-Louis Guillermin, Luke Hodgkins, Rapha\u00ebl Esmerian &amp; Nicolas Despis\nArtwork, graphic design &amp; development: Ana\u00efs Diverrez\nLogo design: B\u00e9n\u00e9dicte Piedeli\u00e8vre, Martin Lihoreau\nManagement by <strong><a href=\"https:\/\/www.yoagency.fr\/\" target=\"_blank\" rel=\"noopener\">YO Agency<\/a><\/strong>\nThis website is not intended to collect personal information of any kind.\nThis site does not collect data, either for commercial or administrative purposes.\n\nThe user accepts that the data sent by email via the site will be collected solely for the purpose of processing his request by Token Ring members.\nThe user acknowledges having read the legal notices of the website and undertakes to respect them.\n\nThis website and the data, video, information and documents it provides are intended for general and non-exhaustive information.\n\u200d\nThe publisher makes every effort to provide reliable and accurate content but does not guarantee that its content is free from inaccuracies or omissions and cannot be held responsible for them.\nIt is up to the user of this site to take all appropriate measures to protect their own data and\/or software from contamination by any viruses circulating on the Internet.\n\n<p>&nbsp;<\/p>\n<h3>SITE AVAILABILITY<\/h3>\n<div>\n\nThe Site may be modified, updated, interrupted, suspended or discontinued at any time, for any or no reason, without notice or liability to Trapellun Editions.\n\n<p>&nbsp;<\/p>\n<h3>INTELLECTUAL PROPERTY RIGHT<\/h3>\nThis website accessible via the URL <strong><a href=\"https:\/\/tokenring-band.com\/\">www.tokenring-band.com<\/a><\/strong> is subject to French and international legislation on copyright and intellectual property. The domain name allowing access to this site is the exclusive property of Trapellun Editions.\n\u200d\nThis website in its current form, in its design, layout and graphics constitutes an original work and is the exclusive property of Trapellun Editions. Any reproduction of all or part of this site is strictly prohibited\n\n<\/div>\t\t\t\t\t\t\t\t<\/div>\n\t\t\t\t<\/div>\n\t\t\t\t\t<\/div>\n\t\t<\/div>\n\t\t\t\t\t<\/div>\n\t\t<\/section>\n\t\t\t\t<\/div>\n\t\t","protected":false},"excerpt":{"rendered":"<p>LEGAL NOTICE &amp; INFORMATION PUBLICATION MANAGER Pierre Esmerian Edited by Trapellun Editions SIRET 914 329 867 00016, located at 2 cit\u00e9 du G\u00e9n\u00e9ral N\u00e9grier 75007 Paris France &nbsp; HOST OVH Company Head office: 2 rue Kellermann, 59100 Roubaix, France \u2014 Phone: +33 (0)8 99 70 17 61 &nbsp; PHOTO CREDITS \u00a9 \u2018The Hornet\u2019 by Jean-Louis [&hellip;]<\/p>\n","protected":false},"author":2,"featured_media":0,"parent":0,"menu_order":0,"comment_status":"closed","ping_status":"closed","template":"","meta":{"footnotes":""},"class_list":["post-3","page","type-page","status-publish","hentry"],"_links":{"self":[{"href":"https:\/\/tokenring-band.com\/index.php\/wp-json\/wp\/v2\/pages\/3","targetHints":{"allow":["GET"]}}],"collection":[{"href":"https:\/\/tokenring-band.com\/index.php\/wp-json\/wp\/v2\/pages"}],"about":[{"href":"https:\/\/tokenring-band.com\/index.php\/wp-json\/wp\/v2\/types\/page"}],"author":[{"embeddable":true,"href":"https:\/\/tokenring-band.com\/index.php\/wp-json\/wp\/v2\/users\/2"}],"replies":[{"embeddable":true,"href":"https:\/\/tokenring-band.com\/index.php\/wp-json\/wp\/v2\/comments?post=3"}],"version-history":[{"count":42,"href":"https:\/\/tokenring-band.com\/index.php\/wp-json\/wp\/v2\/pages\/3\/revisions"}],"predecessor-version":[{"id":766,"href":"https:\/\/tokenring-band.com\/index.php\/wp-json\/wp\/v2\/pages\/3\/revisions\/766"}],"wp:attachment":[{"href":"https:\/\/tokenring-band.com\/index.php\/wp-json\/wp\/v2\/media?parent=3"}],"curies":[{"name":"wp","href":"https:\/\/api.w.org\/{rel}","templated":true}]}}